{"id":69,"date":"2020-07-16T09:35:46","date_gmt":"2020-07-16T07:35:46","guid":{"rendered":"https:\/\/hotelb4.de\/?page_id=69"},"modified":"2025-11-24T08:15:05","modified_gmt":"2025-11-24T07:15:05","slug":"kontakt","status":"publish","type":"page","link":"https:\/\/hotelb4.de\/en\/kontakt\/","title":{"rendered":"Contact &amp; Opening hours"},"content":{"rendered":"\n<div class=\"wp-block-cover alignfull has-parallax bannerhoeher dottedmedium has-x-large-font-size\" style=\"min-height:500px;aspect-ratio:unset;\"><div class=\"wp-block-cover__image-background wp-image-1025 has-parallax\" style=\"background-position:50% 50%;background-image:url(https:\/\/hotelb4.de\/wp-content\/uploads\/2023\/01\/Slider-Kontakt.jpg)\"><\/div><span aria-hidden=\"true\" class=\"wp-block-cover__background has-background-dim-0 has-background-dim\"><\/span><div class=\"wp-block-cover__inner-container is-layout-flow wp-block-cover-is-layout-flow\">\n<p class=\"has-text-align-center covertext1tiefer has-text-color has-custom-transform\" style=\"color:#abb7c273;font-size:clamp(36.954px, 2.31rem + ((1vw - 3.2px) * 2.425), 68px);font-style:normal;font-weight:300;text-transform:uppercase\">Contact<\/p>\n\n\n\n<p class=\"has-text-align-center covertext2hoeher has-luminous-vivid-orange-color has-text-color\" style=\"font-size:clamp(27.894px, 1.743rem + ((1vw - 3.2px) * 1.571), 48px);\">Kontakt<\/p>\n<\/div><\/div>\n\n\n\n<div class=\"wp-block-columns is-layout-flex wp-container-core-columns-is-layout-28f84493 wp-block-columns-is-layout-flex\">\n<div class=\"wp-block-column is-layout-flow wp-block-column-is-layout-flow\" style=\"padding-top:0;padding-right:0;padding-bottom:0;padding-left:0\">\n<h3 class=\"wp-block-heading has-text-align-left has-custom-weight has-custom-transform\" style=\"font-weight:normal;text-transform:uppercase\">You&#8217;ll find us here<\/h3>\n<\/div>\n\n\n\n<div class=\"wp-block-column is-layout-flow wp-block-column-is-layout-flow\">\n<p><strong>Hotel B4<\/strong><br>Wiesenstra\u00dfe 3<br>D-65549 Limburg an der Lahn<\/p>\n<\/div>\n\n\n\n<div class=\"wp-block-column is-layout-flow wp-block-column-is-layout-flow\">\n<p><strong>Phone: <\/strong>+49 6431 4094095<br><strong>E-Mail: <\/strong><a href=\"mailto:info@hotelb4.de\">info@hotelb4.de<\/a><\/p>\n<\/div>\n<\/div>\n\n\n\n<div class=\"wp-block-columns is-layout-flex wp-container-core-columns-is-layout-28f84493 wp-block-columns-is-layout-flex\">\n<div class=\"wp-block-column is-layout-flow wp-block-column-is-layout-flow\">\n<h3 class=\"wp-block-heading has-text-align-left has-custom-weight has-custom-transform\" style=\"font-weight:normal;text-transform:uppercase\">Reception<\/h3>\n<\/div>\n\n\n\n<div class=\"wp-block-column is-layout-flow wp-block-column-is-layout-flow\">\n<figure class=\"wp-block-table is-style-regular ohnelinien tabellelinks\"><table><tbody><tr><td><strong>Monday &#8211; Saturday<\/strong><\/td><td><strong><strong>07:00 a.m<\/strong>. \u2013 9:00 p.m<\/strong>.<\/td><\/tr><tr><td><strong>Sunday<\/strong><\/td><td><strong>08:00 a.m. \u2013 5:00 p.m<\/strong>.<\/td><\/tr><\/tbody><\/table><\/figure>\n\n\n\n<h3 class=\"wp-block-heading has-custom-weight\" style=\"font-weight:normal\">CHRISTMAS &amp; NEW YEAR<\/h3>\n\n\n\n<figure class=\"wp-block-table is-style-regular ohnelinien tabellelinks\"><table><tbody><tr><td><strong>22.12. \/ 23.12.25<\/strong><\/td><td><strong><strong>08:00 a.m<\/strong>. \u2013 5:00 p.m<\/strong>.<\/td><\/tr><tr><td><strong>24.12. \/ 25.12. \/ 26.12.25<\/strong><\/td><td><strong>08:00 a.m. \u2013 3:00 p.m<\/strong>.<\/td><\/tr><tr><td><strong>27.12. &#8211; 31.12.25<\/strong><\/td><td><strong>08:00 a.m. \u2013 5:00 p.m<\/strong>.<\/td><\/tr><tr><td><strong>01.01.26<\/strong><\/td><td><strong>08:00 a.m. \u2013 3:00 p.m<\/strong>.<\/td><\/tr><tr><td><strong>02.01. &#8211; 11.01.26<\/strong><\/td><td><strong>08:00 a.m. \u2013 5:00 p.m<\/strong>.<\/td><\/tr><\/tbody><\/table><\/figure>\n\n\n\n<h3 class=\"wp-block-heading has-custom-weight\" style=\"font-weight:normal\">CHECK-IN &amp; CHECK-OUT<\/h3>\n\n\n\n<figure class=\"wp-block-table ohnelinien is-style-regular tabellelinks\"><table><tbody><tr><td><strong>Check-in<\/strong><\/td><td><strong>from 2:00 p.m<\/strong>.<\/td><\/tr><tr><td><strong>Check-out<\/strong><\/td><td><strong>until <strong>11:00 a.m<\/strong><\/strong>.<\/td><\/tr><\/tbody><\/table><\/figure>\n\n\n\n<p><em>Arrival after the reception has closed is possible with prior notification.<\/em><\/p>\n<\/div>\n\n\n\n<div class=\"wp-block-column is-layout-flow wp-block-column-is-layout-flow\">\n<div class=\"wp-block-group is-layout-constrained wp-block-group-is-layout-constrained\">\n<h3 class=\"wp-block-heading unsichtbar has-custom-weight\" style=\"font-weight:normal\">Breakfast times<\/h3>\n\n\n\n<figure class=\"wp-block-table ohnelinien unsichtbar\"><table><tbody><tr><td><strong>Monday\u2013 Friday<\/strong><br>07:00 &#8211; 10:00 a.m.<\/td><\/tr><tr><td><strong>Saturday &amp; Sunday<\/strong><br>07:00 \u2013 09:00 a.m. \/ 09:15 \u2013 11:15 a.m.<br><strong>Peak seasontsaison <\/strong>Registration required for a time slot<\/td><\/tr><tr><td><strong><strong>Saturday &amp; Sunday<\/strong><\/strong><br>07:00 \u2013 11:00 a.m.<br><strong>Low season<\/strong> (November-March)<\/td><\/tr><\/tbody><\/table><\/figure>\n<\/div>\n\n\n\n<div class=\"wp-block-group unsichtbarWuN is-layout-constrained wp-block-group-is-layout-constrained\">\n<h3 class=\"wp-block-heading has-custom-weight\" style=\"font-weight:normal\">CHRISTMAS &amp; NEW YEAR<\/h3>\n\n\n\n<figure class=\"wp-block-table ohnelinien\"><table><tbody><tr><td><strong>23.12.2024<\/strong><br>breakfast time<br>reception<\/td><td><br><strong>07:00 a.m. \u2013 10:00 a.m.<br>08:00 a.m. \u2013 17:00 p.m<\/strong>.<\/td><\/tr><tr><td><strong>24.12. \/ 25.12. \/<br>26.12.2024<\/strong><br>breakfast time<br>reception<\/td><td><strong><strong><strong><br><\/strong><br><strong>08:00 a.m. \u2013 11:00 a.m.<br>08:00 a.m. \u2013 15:00 p.m<\/strong><\/strong><\/strong>.<\/td><\/tr><tr><td><strong><strong>27.12. &#8211; 31.12.2024<\/strong><br><\/strong>breakfast time<br>reception<\/td><td><strong><strong><strong><br>08:00 a.m. \u2013 11:00 a.m.<br>08:00 a.m. \u2013 17:00 p.m<\/strong><\/strong><\/strong>.<\/td><\/tr><tr><td><strong><strong><strong>01.01.2025<\/strong><br><\/strong><\/strong>breakfast time<br>reception<\/td><td><strong><strong><strong><strong><strong><strong><strong><br>09:00 a.m. \u2013 12:00 p.m.<br>08:00 a.m. \u2013 15:00 p.m<\/strong><\/strong><\/strong><\/strong><\/strong><\/strong><\/strong>.<\/td><\/tr><tr><td><strong><strong><strong>02.01. &#8211; 12.01.2025<\/strong><br><\/strong><\/strong>breakfast time<br>reception<\/td><td><strong><strong><strong><strong><strong><strong><strong><br>07:00 a.m. \u2013 10:00 a.m.<br>08:00 a.m. \u2013 17:00 p.m<\/strong><\/strong><\/strong><\/strong><\/strong><\/strong><\/strong>.<\/td><\/tr><\/tbody><\/table><\/figure>\n<\/div>\n<\/div>\n<\/div>\n\n\n\n<hr class=\"wp-block-separator has-text-color has-cyan-bluish-gray-color has-alpha-channel-opacity has-cyan-bluish-gray-background-color has-background is-style-wide\" id=\"anreise\"\/>\n\n\n\n<h3 class=\"wp-block-heading has-custom-weight has-custom-transform\" style=\"font-weight:normal;text-transform:uppercase\">Arrival by train, plane or car<\/h3>\n\n\n\n<h4 class=\"wp-block-heading has-custom-weight has-custom-transform\" style=\"font-weight:normal;text-transform:uppercase\">Arrival by train<\/h4>\n\n\n\n<p class=\"mehrlinks\">The Limburg main train station and the bus station south with the connection to the ICE station Limburg south are right in front of the door.<\/p>\n\n\n\n<h4 class=\"wp-block-heading has-custom-weight has-custom-transform\" style=\"font-weight:normal;text-transform:uppercase\">Arriving by plane<\/h4>\n\n\n\n<p class=\"mehrlinks\">The ICE takes you to Frankfurt Airport (FRA) in just 20 minutes. Cologne\/Bonn Airport (CGN) can be easily reached by train in just over an hour.<\/p>\n\n\n\n<h4 class=\"wp-block-heading has-custom-weight has-custom-transform\" style=\"font-weight:normal;text-transform:uppercase\">Arrival by car<\/h4>\n\n\n\n<p>Exit <strong>BAB 3 Limburg <\/strong><em><strong>S\u00fcd<\/strong> <\/em>direction Limburg city center.<br>After the petrol station turn right and at the 1st traffic light turn left.<br>After about 300 meters you are there.<\/p>\n\n\n\n<p>Exit <strong>BAB 3 Limburg <\/strong><em><strong>Nord<\/strong> <\/em>in the direction of Limburg city centre.<br>After the tunnel turn right and at the 1st traffic light turn left.<br>After about 300 meters you are there.<\/p>\n\n\n\n<h4 class=\"wp-block-heading has-custom-weight\" style=\"font-weight:normal\">Google route planner<\/h4>\n\n\n\n<figure class=\"wp-block-image size-large is-resized\"><a href=\"https:\/\/www.google.com\/maps\/dir\/\/Hotel+B4,+Wiesenstra%C3%9Fe+3,+65549+Limburg+an+der+Lahn\/@50.3829596,8.0606893,17z\/data=!4m9!4m8!1m0!1m5!1m1!1s0x47bdccdf145ede13:0xb5a6f248b9aaa0b2!2m2!1d8.062878!2d50.3829596!3e0\" target=\"_blank\" rel=\"noreferrer noopener\"><img loading=\"lazy\" decoding=\"async\" width=\"1024\" height=\"696\" src=\"https:\/\/hotelb4.de\/wp-content\/uploads\/2023\/01\/Kontakt-Routenplaner-GoogleMaps-1024x696.png\" alt=\"Google Routenplaner\" class=\"wp-image-1027\" style=\"width:361px;height:245px\" srcset=\"https:\/\/hotelb4.de\/wp-content\/uploads\/2023\/01\/Kontakt-Routenplaner-GoogleMaps-1024x696.png 1024w, https:\/\/hotelb4.de\/wp-content\/uploads\/2023\/01\/Kontakt-Routenplaner-GoogleMaps-300x204.png 300w, https:\/\/hotelb4.de\/wp-content\/uploads\/2023\/01\/Kontakt-Routenplaner-GoogleMaps-768x522.png 768w, https:\/\/hotelb4.de\/wp-content\/uploads\/2023\/01\/Kontakt-Routenplaner-GoogleMaps.png 1401w\" sizes=\"auto, (max-width: 1024px) 100vw, 1024px\" \/><\/a><\/figure>\n\n\n\n<hr class=\"wp-block-separator has-alpha-channel-opacity\"\/>\n\n\n\n<h3 class=\"wp-block-heading has-custom-weight has-custom-transform\" style=\"font-weight:normal;text-transform:uppercase\">parking spaces<\/h3>\n\n\n\n<p class=\"mehrlinks\">If you arrive by car, our free parking spaces are available to you. The parking spaces opposite the entrance to the reception are covered, so that you can load and unload your luggage in a dry place. However, please understand that it is not possible to reserve a parking space.<\/p>\n\n\n\n<p class=\"mehrlinks\">You will find more parking options in the side street or on the opposite parking deck of the Deutsche Bahn.<\/p>\n\n\n\n<p class=\"mehrlinks\">A locked room is available for our guests&#8217; bicycles so that they are kept safe and dry.<\/p>\n\n\n\n<hr class=\"wp-block-separator has-alpha-channel-opacity\"\/>\n\n\n\n<p class=\"mehrlinks\">Die sch\u00f6ne Domstadt Limburg an der Lahn ist zu jeder Jahreszeit eine Reise wert. Abgesehen von der historischen Altstadt gibt es in Limburg selbst, aber auch in der n\u00e4heren Umgebung viele attraktive Sehensw\u00fcrdigkeiten und Ausflugsziele. Dar\u00fcber hinaus gibt es ein hervorragend ausgebautes Netz an Wander- und Radwanderwegen.<\/p>\n\n\n\n<h3 class=\"wp-block-heading has-custom-weight has-custom-transform\" style=\"font-weight:normal;text-transform:uppercase\">Activities<\/h3>\n\n\n\n<div class=\"wp-block-columns bottomhoeher is-layout-flex wp-container-core-columns-is-layout-28f84493 wp-block-columns-is-layout-flex\">\n<div class=\"wp-block-column is-layout-flow wp-block-column-is-layout-flow\">\n<h4 class=\"wp-block-heading has-custom-weight has-custom-transform\" style=\"font-weight:normal;text-transform:uppercase\">city tours<\/h4>\n\n\n\n<p>In the old town there are numerous half-timbered houses that were built between the 13th and 19th centuries. One of the most famous houses is the House of the Seven Vices, built in 1567, whose carvings depict the seven main vices of Christianity.<\/p>\n\n\n\n<p>There are exciting insights and anecdotes on the night watchman tours on Saturdays at 8 p.m. or on the <a href=\"https:\/\/www.touristinfo-limburg.de\/Touristische-Angebote\/\" target=\"_blank\" rel=\"noreferrer noopener\">general city tours <\/a>on Saturdays at 3 p.m. or Sundays at 2.30 p.m.<\/p>\n\n\n\n<p>Registration is via the tourist information on 06431 6166.<\/p>\n\n\n\n<h4 class=\"wp-block-heading has-custom-weight has-custom-transform\" style=\"font-weight:normal;text-transform:uppercase\">Hikes on foot or by bike<\/h4>\n\n\n\n<p>Whether in hiking boots or on a bike, Limburg and its varied surroundings are perfect both as a starting point and as a stage destination for eventful tours.<\/p>\n\n\n\n<p>From a <a href=\"https:\/\/www.ich-geh-wandern.de\/gps-wanderwege\/limburg-an-der-lahn\">leisurely hike<\/a> to challenging, longer <a href=\"https:\/\/www.daslahntal.de\/entdecken-und-erleben\/radfahren\/lahnradweg\/\">bike tours<\/a>, there are beautiful routes for all ages and depending on your condition.<\/p>\n\n\n\n<h4 class=\"wp-block-heading has-custom-weight has-custom-transform\" style=\"font-weight:normal;text-transform:uppercase\">Leisure &amp; action<\/h4>\n\n\n\n<p>In Limburg and the surrounding area you will find a wide range of leisure activities in every season. Depending on the season, you can swim lengths in the <a href=\"https:\/\/www.limburg.de\/Tourismus-Freizeit\/Sport-Spiel\/Parkbad\">outdoor <\/a>or <a href=\"https:\/\/www.oranienbad.de\/\">indoor pool<\/a>, go <a href=\"https:\/\/www.limpark.de\/erlebnisse\/kart\/?gclid=EAIaIQobChMIk7vHvp6Y6wIVA7p3Ch2RvgqUEAAYASAAEgJjYfD_BwE\">karting <\/a>or <a href=\"https:\/\/www.limpark.de\/erlebnisse\/paintball\/\">paintball<\/a>, or put your skills to the test at <a href=\"https:\/\/www.stadt-diez.de\/sv_diez\/Freizeit%20&amp;%20Kultur\/Sport%20&amp;%20Freizeit\/Minigolf%20im%20Hain\/\">mini golf <\/a>or in the <a href=\"https:\/\/www.kletterwald-diez.de\/\">climbing forest<\/a>. If you prefer less action, an i<a href=\"https:\/\/lahntalschiffahrt.de\/\">dyllic boat trip<\/a> on the Lahn is a nice alternative.<\/p>\n\n\n\n<p>Let us know what you enjoy, we would be happy to give you a few tips or put together an individual list for you.<\/p>\n<\/div>\n\n\n\n<div class=\"wp-block-column is-layout-flow wp-block-column-is-layout-flow\">\n<h4 class=\"wp-block-heading has-custom-weight has-custom-transform\" style=\"font-weight:normal;text-transform:uppercase\">Cathedral tours<\/h4>\n\n\n\n<p>The Limburg Cathedral, also known as <em>St. George&#8217;s Cathedral<\/em>, is the city&#8217;s landmark and should not be missing from the list of sights.<\/p>\n\n\n\n<p>Details on a cathedral tour and on making an appointment can be found on the <a href=\"https:\/\/bistumlimburg.de\/beitrag\/fuehrungen-im-limburger-dom\/\">Limburg diocese&#8217;s website<\/a>.<\/p>\n\n\n\n<h4 class=\"wp-block-heading has-custom-weight has-custom-transform\" style=\"font-weight:normal;text-transform:uppercase\">museums and sights<\/h4>\n\n\n\n<p>In addition to the Limburg Cathedral and the House of the Seven Vices, there are many other attractive sights in Limburg and the surrounding area. For example, visit the beautiful palaces and castles in <a href=\"http:\/\/www.burg-runkel.de\/\">Runkel<\/a>, <a href=\"https:\/\/www.schloesser-hessen.de\/de\/\">Weilburg <\/a>and <a href=\"https:\/\/schloss-braunfels.de\/\">Braunfels <\/a>or take a detour to the <a href=\"https:\/\/www.lahn-marmor-museum.de\/\">Lahn Marble Museum<\/a> in Villmar. The <a href=\"https:\/\/staurothek.de\/\">Diocesan Museum<\/a> and parts of the bishop&#8217;s house not far from the cathedral are also very popular destinations.<\/p>\n\n\n\n<h4 class=\"wp-block-heading has-custom-weight has-custom-transform\" style=\"font-weight:normal;text-transform:uppercase\">shopping and gastronomy<\/h4>\n\n\n\n<p>Our beautiful cathedral city is also characterized by a wide range of restaurants and attractive shopping opportunities. In the picturesque old town you will find the traditional <a href=\"https:\/\/www.cafe-will.de\/\">Caf\u00e9 Will <\/a>and <a href=\"https:\/\/www.cafe-kosmol.de\/\">Caf\u00e9 Kosmol <\/a>&#8211; just to name the two oldest. Numerous other caf\u00e9s, restaurants, ice cream parlors and pubs &#8211; and of course <a href=\"https:\/\/hotelb4.de\/en\/bar\/\">our bodega<\/a>. Throughout the city center there is a wide range of culinary delights for every taste &#8211; from sweet to savory and from meat to vegetarian.<\/p>\n\n\n\n<p>Whether it&#8217;s exclusive fashion and accessories for women and men, Limburg chocolate and Limburg beer, souvenirs, market stalls with fresh fruit and vegetables &#8211; the delightful little retail shops invite you to stroll and shop. In addition, the WERKStadt is an attractive shopping center with a variety of retail and gastronomy areas.<\/p>\n<\/div>\n<\/div>\n","protected":false},"excerpt":{"rendered":"<p>You&#8217;ll find us here Hotel B4Wiesenstra\u00dfe 3D-65549 Limburg an der Lahn Phone: +49 6431 4094095E-Mail: info@hotelb4.de Reception Monday &#8211; Saturday 07:00 a.m. \u2013 9:00 p.m. Sunday 08:00 a.m. \u2013 5:00 p.m. CHRISTMAS &amp; NEW YEAR 22.12. \/ 23.12.25 08:00 a.m. \u2013 5:00 p.m. 24.12. \/ 25.12. \/ 26.12.25 08:00 a.m. \u2013 3:00 p.m. 27.12. &#8211; [&hellip;]<\/p>\n","protected":false},"author":1,"featured_media":0,"parent":0,"menu_order":7,"comment_status":"closed","ping_status":"closed","template":"","meta":{"_coblocks_attr":"","_coblocks_dimensions":"","_coblocks_responsive_height":"","_coblocks_accordion_ie_support":"","footnotes":""},"class_list":["post-69","page","type-page","status-publish","hentry"],"blocksy_meta":{"styles_descriptor":{"styles":{"desktop":"","tablet":"","mobile":""},"google_fonts":[],"version":6}},"translation":{"provider":"WPGlobus","version":"3.0.2","language":"en","enabled_languages":["de","en"],"languages":{"de":{"title":true,"content":true,"excerpt":false},"en":{"title":true,"content":true,"excerpt":false}}},"_links":{"self":[{"href":"https:\/\/hotelb4.de\/en\/wp-json\/wp\/v2\/pages\/69","targetHints":{"allow":["GET"]}}],"collection":[{"href":"https:\/\/hotelb4.de\/en\/wp-json\/wp\/v2\/pages"}],"about":[{"href":"https:\/\/hotelb4.de\/en\/wp-json\/wp\/v2\/types\/page"}],"author":[{"embeddable":true,"href":"https:\/\/hotelb4.de\/en\/wp-json\/wp\/v2\/users\/1"}],"replies":[{"embeddable":true,"href":"https:\/\/hotelb4.de\/en\/wp-json\/wp\/v2\/comments?post=69"}],"version-history":[{"count":5,"href":"https:\/\/hotelb4.de\/en\/wp-json\/wp\/v2\/pages\/69\/revisions"}],"predecessor-version":[{"id":1737,"href":"https:\/\/hotelb4.de\/en\/wp-json\/wp\/v2\/pages\/69\/revisions\/1737"}],"wp:attachment":[{"href":"https:\/\/hotelb4.de\/en\/wp-json\/wp\/v2\/media?parent=69"}],"curies":[{"name":"wp","href":"https:\/\/api.w.org\/{rel}","templated":true}]}}